{"id":17,"date":"2023-06-09T13:05:09","date_gmt":"2023-06-09T13:05:09","guid":{"rendered":"https:\/\/ekosistem.sosyalgirisimcilikagi.org\/?page_id=17"},"modified":"2023-12-05T09:32:32","modified_gmt":"2023-12-05T09:32:32","slug":"impact-hub-2022","status":"publish","type":"page","link":"https:\/\/ekosistem.sosyalgirisimcilikagi.org\/","title":{"rendered":"T\u00fcrkiye Sosyal Giri\u015fimcilik Ekosistemi"},"content":{"rendered":"\n<div class=\"wp-block-group is-layout-constrained wp-container-core-group-is-layout-254f1302 wp-block-group-is-layout-constrained\" style=\"padding-top:0;padding-right:0;padding-bottom:0;padding-left:0\">\n<p>T\u00fcrkiye Sosyal Giri\u015fimcilik A\u011f\u0131 (TSGA) \u00fclkede faaliyet g\u00f6steren 1500&#8217;den fazla sosyal giri\u015fimi ve 350&#8217;den fazla destek akt\u00f6r\u00fcn\u00fc (fon sa\u011flayanlar, \u00f6d\u00fcl ve burs programlar\u0131, h\u0131zland\u0131r\u0131c\u0131 ve kulu\u00e7ka programlar\u0131, d\u00fczenli etkinlikler vb.) kataloglayarak, etkile\u015fimli bir g\u00f6sterge paneli olu\u015fturdu. G\u00f6sterge panelinde yer alan veriler kamuya a\u00e7\u0131k bilgi kaynaklar\u0131ndan derlendi ve a\u00e7\u0131k kaynak olarak t\u00fcm internet kullan\u0131c\u0131lar\u0131 taraf\u0131ndan indirilebilir. <\/p>\n\n\n\n<hr class=\"wp-block-separator has-alpha-channel-opacity\"\/>\n\n\n\n<p>Harita TSGA taraf\u0131ndan g\u00fcncel tutulacak. Haritadaki bir hatay\u0131 d\u00fczeltmek ya da bir akt\u00f6r\u00fc giri\u015fimi haritaya eklemek i\u00e7in metodoloji sayfas\u0131nda ba\u011flant\u0131lar\u0131 verilen formlar\u0131 kullananabilirsiniz. Formlarla iletilen bilgiler, edit\u00f6r denetiminden sonra ayl\u0131k periyotlarla haritaya eklenecek. <\/p>\n<\/div>\n\n\n\n<html>\n    <style>\n        .body {\n            min-height: 1000px;\n     }\n        .Card {\n            background: #fff;\n            max-width: 500px;\n            border-radius: 30px;\n            box-shadow: 0 1px 3px rgba(0, 0, 0, 0.2);\n            transition: all 0.2s ease-in-out;\n            background-size: cover;\n            display: flex;\n            flex-direction: column;\n            justify-content: flex-start;\n            align-items: center;\n            margin-top: 50px ;\n            margin-left: auto;\n            margin-right: auto;\n            margin-bottom: 10px;\n        }\n        .Card:hover {\n            transform: scale(1.05);\n            transition: all 0.2s ease-in-out;\n            cursor: pointer;\n            box-shadow: inset 0 0 0 1000px rgba(0, 0, 0, .7);\n            transition: all 0.2s ease-in-out;\n        }\n        .HoverDescription{\n            visibility: hidden;\n            opacity: 0;\n            transition: opacity 0.2s visibility 0.2s;\n            padding: 40px;\n        }\n        .Card:hover > .HoverDescription{\n                visibility: visible;\n                opacity: 1;\n                color: #fff;\n        }\n        .CardTitle {\n            color: #FF5353;\n        }\n        .Card:hover > .CardTitle {\n            color:#fff;\n        }\n    <\/style>\n    <body>\n        <section class=\"Card\" style=\"background-image: url(https:\/\/ekosistem.sosyalgirisimcilikagi.org\/wp-content\/uploads\/2023\/12\/sosyal-girisim.jpg);\">\n            <h2 class=\"CardTitle\">\n                <svg width=\"50\" height=\"25\" version=\"1.1\" id=\"Layer_1\" xmlns=\"http:\/\/www.w3.org\/2000\/svg\"\n                    xmlns:xlink=\"http:\/\/www.w3.org\/1999\/xlink\" x=\"0px\" y=\"0px\" viewBox=\"0 0 34 2\"\n                    style=\"enable-background:new 0 0 34 2;\" xml:space=\"preserve\">\n                    <rect x=\"0\" y=\"0\" fill=\"#FF5353\" width=\"34\" height=\"2\" \/>\n                <\/svg>\n                SOSYAL G\u0130R\u0130\u015e\u0130MLER\n            <\/h2>\n            <a class=\"bar\" href=\"https:\/\/rubiks.turboard.com\/#\/public\/showcase\/SC-E9BED85FF4APMAF\/SCI-21253B00B327CF5\">\n                <p class=\"HoverDescription\">Lorem ipsum dolor sit amet, consectetur adipiscing elit, sed do eiusmod tempor\n                    incididunt ut labore et dolore magna\n                    aliqua. Leo integer malesuada nunc vel risus.<\/p>\n            <\/a>\n        <\/section>\n            <section class=\"Card\" style=\"background-image: url(https:\/\/ekosistem.sosyalgirisimcilikagi.org\/wp-content\/uploads\/2023\/12\/Ekosistem-Haritasi.jpeg);\">\n            <h2 class=\"CardTitle\">\n                <svg width=\"50\" height=\"25\" version=\"1.1\" id=\"Layer_1\" xmlns=\"http:\/\/www.w3.org\/2000\/svg\"\n                    xmlns:xlink=\"http:\/\/www.w3.org\/1999\/xlink\" x=\"0px\" y=\"0px\" viewBox=\"0 0 34 2\"\n                    style=\"enable-background:new 0 0 34 2;\" xml:space=\"preserve\">\n                    <rect x=\"0\" y=\"0\" fill=\"#\" width=\"30\" height=\"2\" \/>\n                <\/svg>\n                DESTEK KURULU\u015eLARI\n            <\/h2>\n            <a class=\"bar\" href=\"https:\/\/rubiks.turboard.com\/#\/public\/showcase\/SC-E9BED85FF4APMAF\/SCI-92C0L2Y9BVBF5FC\">\n                <p class=\"HoverDescription\">Lorem ipsum dolor sit amet, consectetur adipiscing elit, sed do eiusmod tempor\n                    incididunt ut labore et dolore magna\n                    aliqua. Leo integer malesuada nunc vel risus.<\/p>\n            <\/a>\n        <\/section>\n    <\/body>\n<\/html>\n","protected":false},"excerpt":{"rendered":"<p>T\u00fcrkiye Sosyal Giri\u015fimcilik A\u011f\u0131 (TSGA) \u00fclkede faaliyet g\u00f6steren 1500&#8217;den fazla sosyal giri\u015fimi ve 350&#8217;den fazla destek akt\u00f6r\u00fcn\u00fc (fon sa\u011flayanlar, \u00f6d\u00fcl ve burs programlar\u0131, h\u0131zland\u0131r\u0131c\u0131 ve kulu\u00e7ka programlar\u0131, d\u00fczenli etkinlikler vb.) kataloglayarak, etkile\u015fimli bir g\u00f6sterge paneli olu\u015fturdu. G\u00f6sterge panelinde yer alan veriler kamuya a\u00e7\u0131k bilgi kaynaklar\u0131ndan derlendi ve a\u00e7\u0131k kaynak olarak t\u00fcm internet kullan\u0131c\u0131lar\u0131 taraf\u0131ndan indirilebilir. [&hellip;]<\/p>\n","protected":false},"author":1,"featured_media":0,"parent":0,"menu_order":0,"comment_status":"closed","ping_status":"closed","template":"","meta":{"footnotes":""},"class_list":["post-17","page","type-page","status-publish","hentry"],"_links":{"self":[{"href":"https:\/\/ekosistem.sosyalgirisimcilikagi.org\/index.php?rest_route=\/wp\/v2\/pages\/17","targetHints":{"allow":["GET"]}}],"collection":[{"href":"https:\/\/ekosistem.sosyalgirisimcilikagi.org\/index.php?rest_route=\/wp\/v2\/pages"}],"about":[{"href":"https:\/\/ekosistem.sosyalgirisimcilikagi.org\/index.php?rest_route=\/wp\/v2\/types\/page"}],"author":[{"embeddable":true,"href":"https:\/\/ekosistem.sosyalgirisimcilikagi.org\/index.php?rest_route=\/wp\/v2\/users\/1"}],"replies":[{"embeddable":true,"href":"https:\/\/ekosistem.sosyalgirisimcilikagi.org\/index.php?rest_route=%2Fwp%2Fv2%2Fcomments&post=17"}],"version-history":[{"count":16,"href":"https:\/\/ekosistem.sosyalgirisimcilikagi.org\/index.php?rest_route=\/wp\/v2\/pages\/17\/revisions"}],"predecessor-version":[{"id":61,"href":"https:\/\/ekosistem.sosyalgirisimcilikagi.org\/index.php?rest_route=\/wp\/v2\/pages\/17\/revisions\/61"}],"wp:attachment":[{"href":"https:\/\/ekosistem.sosyalgirisimcilikagi.org\/index.php?rest_route=%2Fwp%2Fv2%2Fmedia&parent=17"}],"curies":[{"name":"wp","href":"https:\/\/api.w.org\/{rel}","templated":true}]}}